{"id":228,"date":"2025-06-17T09:45:46","date_gmt":"2025-06-17T07:45:46","guid":{"rendered":"https:\/\/www.tsi-sa.ch\/startseite\/"},"modified":"2025-09-02T15:33:34","modified_gmt":"2025-09-02T13:33:34","slug":"startseite","status":"publish","type":"page","link":"https:\/\/www.tsi-sa.ch\/de\/","title":{"rendered":"Startseite"},"content":{"rendered":"\n<p>Dies ist eine Beispielseite. Dies unterscheidet sich von einem Blogartikel, da er am selben Ort bleibt und in der Navigation Ihrer Website erscheint (in den meisten Themen). Die meisten Menschen beginnen mit einer &#8222;\u00dcber&#8220;-Seite, auf der sie sich den Besuchern der Website vorstellen. Dies k\u00f6nnte in etwa so aussehen:<\/p>\n\n<blockquote class=\"wp-block-quote is-layout-flow wp-block-quote-is-layout-flow\"><p>Guten Tag! Ich bin ein Mechaniker, der eine Karriere als Schauspieler anstrebt, und dies ist meine Website. Ich lebe in Bordeaux, habe einen tollen Hund namens Russell und trinke gerne Wodka (und werde bei einem langen Spaziergang am Strand bei Sonnenuntergang von pl\u00f6tzlichem Regen \u00fcberrascht).<\/p><\/blockquote>\n\n<p>&#8230;oder so \u00e4hnlich:<\/p>\n\n<blockquote class=\"wp-block-quote is-layout-flow wp-block-quote-is-layout-flow\"><p>Die Firma 123 Machin Truc wurde 1971 gegr\u00fcndet und hat seitdem kontinuierlich qualitativ hochwertige &#8222;Machin Trucs&#8220; angeboten. 123 Machin Truc mit Sitz in Saint-Remy-en-Bouzemont-Saint-Genest-et-Isson besch\u00e4ftigt 2.000 Personen und stellt alle Arten von tollen Dingen f\u00fcr die Gemeinde von Bouzemonto her.<\/p><\/blockquote>\n\n<p>Als neuer Benutzer von WordPress sollten Sie <a href=\"https:\/\/www.tsi-sa.ch\/wp-admin\/\">Ihr Kontrollzentrum<\/a> aufrufen, um diese Seite zu l\u00f6schen und neue Seiten f\u00fcr Ihre Inhalte zu erstellen. Viel Spa\u00df!<\/p>\n","protected":false},"excerpt":{"rendered":"<p>Dies ist eine Beispielseite. Dies unterscheidet sich von einem Blogartikel, da er am selben Ort bleibt und in der Navigation Ihrer Website erscheint (in den meisten Themen). Die meisten Menschen beginnen mit einer &#8222;\u00dcber&#8220;-Seite, auf der sie sich den Besuchern der Website vorstellen. Dies k\u00f6nnte in etwa so aussehen: Guten Tag! Ich bin ein Mechaniker, [&hellip;]<\/p>\n","protected":false},"author":1,"featured_media":0,"parent":0,"menu_order":0,"comment_status":"closed","ping_status":"closed","template":"templates\/home.php","meta":{"_acf_changed":false},"class_list":["post-228","page","type-page","status-publish","hentry"],"acf":[],"yoast_head":"<!-- This site is optimized with the Yoast SEO plugin v27.5 - https:\/\/yoast.com\/product\/yoast-seo-wordpress\/ -->\n<title>Startseite - T.S.I. Tuyauterie et Soudures Industrielles SA<\/title>\n<meta name=\"description\" content=\"Wir haben unseren Sitz in Ecublens im Kanton Waadtund sind auf die Herstellung, Verlegung und dasSchwei\u00dfen von Rohren und Spezialteilen inBaugruben sowie auf Anschlu\u0308sse spezialisiert.\" \/>\n<meta name=\"robots\" content=\"index, follow, max-snippet:-1, max-image-preview:large, max-video-preview:-1\" \/>\n<link rel=\"canonical\" href=\"https:\/\/www.tsi-sa.ch\/de\/\" \/>\n<meta property=\"og:locale\" content=\"de_DE\" \/>\n<meta property=\"og:type\" content=\"article\" \/>\n<meta property=\"og:title\" content=\"Startseite - T.S.I. Tuyauterie et Soudures Industrielles SA\" \/>\n<meta property=\"og:description\" content=\"Wir haben unseren Sitz in Ecublens im Kanton Waadtund sind auf die Herstellung, Verlegung und dasSchwei\u00dfen von Rohren und Spezialteilen inBaugruben sowie auf Anschlu\u0308sse spezialisiert.\" \/>\n<meta property=\"og:url\" content=\"https:\/\/www.tsi-sa.ch\/de\/\" \/>\n<meta property=\"og:site_name\" content=\"T.S.I. Tuyauterie et Soudures Industrielles SA\" \/>\n<meta property=\"article:modified_time\" content=\"2025-09-02T13:33:34+00:00\" \/>\n<meta name=\"twitter:card\" content=\"summary_large_image\" \/>\n<script type=\"application\/ld+json\" class=\"yoast-schema-graph\">{\"@context\":\"https:\\\/\\\/schema.org\",\"@graph\":[{\"@type\":\"WebPage\",\"@id\":\"https:\\\/\\\/www.tsi-sa.ch\\\/de\\\/\",\"url\":\"https:\\\/\\\/www.tsi-sa.ch\\\/de\\\/\",\"name\":\"Startseite - T.S.I. Tuyauterie et Soudures Industrielles SA\",\"isPartOf\":{\"@id\":\"https:\\\/\\\/www.tsi-sa.ch\\\/de\\\/#website\"},\"datePublished\":\"2025-06-17T07:45:46+00:00\",\"dateModified\":\"2025-09-02T13:33:34+00:00\",\"description\":\"Wir haben unseren Sitz in Ecublens im Kanton Waadtund sind auf die Herstellung, Verlegung und dasSchwei\u00dfen von Rohren und Spezialteilen inBaugruben sowie auf Anschlu\u0308sse spezialisiert.\",\"breadcrumb\":{\"@id\":\"https:\\\/\\\/www.tsi-sa.ch\\\/de\\\/#breadcrumb\"},\"inLanguage\":\"de\",\"potentialAction\":[{\"@type\":\"ReadAction\",\"target\":[\"https:\\\/\\\/www.tsi-sa.ch\\\/de\\\/\"]}]},{\"@type\":\"BreadcrumbList\",\"@id\":\"https:\\\/\\\/www.tsi-sa.ch\\\/de\\\/#breadcrumb\",\"itemListElement\":[{\"@type\":\"ListItem\",\"position\":1,\"name\":\"Accueil\",\"item\":\"https:\\\/\\\/www.tsi-sa.ch\\\/de\\\/\"},{\"@type\":\"ListItem\",\"position\":2,\"name\":\"Startseite\"}]},{\"@type\":\"WebSite\",\"@id\":\"https:\\\/\\\/www.tsi-sa.ch\\\/de\\\/#website\",\"url\":\"https:\\\/\\\/www.tsi-sa.ch\\\/de\\\/\",\"name\":\"TSI SA\",\"description\":\"\",\"publisher\":{\"@id\":\"https:\\\/\\\/www.tsi-sa.ch\\\/de\\\/#organization\"},\"potentialAction\":[{\"@type\":\"SearchAction\",\"target\":{\"@type\":\"EntryPoint\",\"urlTemplate\":\"https:\\\/\\\/www.tsi-sa.ch\\\/de\\\/?s={search_term_string}\"},\"query-input\":{\"@type\":\"PropertyValueSpecification\",\"valueRequired\":true,\"valueName\":\"search_term_string\"}}],\"inLanguage\":\"de\"},{\"@type\":\"Organization\",\"@id\":\"https:\\\/\\\/www.tsi-sa.ch\\\/de\\\/#organization\",\"name\":\"TSI SA\",\"url\":\"https:\\\/\\\/www.tsi-sa.ch\\\/de\\\/\",\"logo\":{\"@type\":\"ImageObject\",\"inLanguage\":\"de\",\"@id\":\"https:\\\/\\\/www.tsi-sa.ch\\\/de\\\/#\\\/schema\\\/logo\\\/image\\\/\",\"url\":\"https:\\\/\\\/www.tsi-sa.ch\\\/wp-content\\\/uploads\\\/2025\\\/07\\\/TSI_favicon.svg\",\"contentUrl\":\"https:\\\/\\\/www.tsi-sa.ch\\\/wp-content\\\/uploads\\\/2025\\\/07\\\/TSI_favicon.svg\",\"width\":1,\"height\":1,\"caption\":\"TSI SA\"},\"image\":{\"@id\":\"https:\\\/\\\/www.tsi-sa.ch\\\/de\\\/#\\\/schema\\\/logo\\\/image\\\/\"}}]}<\/script>\n<!-- \/ Yoast SEO plugin. -->","yoast_head_json":{"title":"Startseite - T.S.I. Tuyauterie et Soudures Industrielles SA","description":"Wir haben unseren Sitz in Ecublens im Kanton Waadtund sind auf die Herstellung, Verlegung und dasSchwei\u00dfen von Rohren und Spezialteilen inBaugruben sowie auf Anschlu\u0308sse spezialisiert.","robots":{"index":"index","follow":"follow","max-snippet":"max-snippet:-1","max-image-preview":"max-image-preview:large","max-video-preview":"max-video-preview:-1"},"canonical":"https:\/\/www.tsi-sa.ch\/de\/","og_locale":"de_DE","og_type":"article","og_title":"Startseite - T.S.I. Tuyauterie et Soudures Industrielles SA","og_description":"Wir haben unseren Sitz in Ecublens im Kanton Waadtund sind auf die Herstellung, Verlegung und dasSchwei\u00dfen von Rohren und Spezialteilen inBaugruben sowie auf Anschlu\u0308sse spezialisiert.","og_url":"https:\/\/www.tsi-sa.ch\/de\/","og_site_name":"T.S.I. Tuyauterie et Soudures Industrielles SA","article_modified_time":"2025-09-02T13:33:34+00:00","twitter_card":"summary_large_image","schema":{"@context":"https:\/\/schema.org","@graph":[{"@type":"WebPage","@id":"https:\/\/www.tsi-sa.ch\/de\/","url":"https:\/\/www.tsi-sa.ch\/de\/","name":"Startseite - T.S.I. Tuyauterie et Soudures Industrielles SA","isPartOf":{"@id":"https:\/\/www.tsi-sa.ch\/de\/#website"},"datePublished":"2025-06-17T07:45:46+00:00","dateModified":"2025-09-02T13:33:34+00:00","description":"Wir haben unseren Sitz in Ecublens im Kanton Waadtund sind auf die Herstellung, Verlegung und dasSchwei\u00dfen von Rohren und Spezialteilen inBaugruben sowie auf Anschlu\u0308sse spezialisiert.","breadcrumb":{"@id":"https:\/\/www.tsi-sa.ch\/de\/#breadcrumb"},"inLanguage":"de","potentialAction":[{"@type":"ReadAction","target":["https:\/\/www.tsi-sa.ch\/de\/"]}]},{"@type":"BreadcrumbList","@id":"https:\/\/www.tsi-sa.ch\/de\/#breadcrumb","itemListElement":[{"@type":"ListItem","position":1,"name":"Accueil","item":"https:\/\/www.tsi-sa.ch\/de\/"},{"@type":"ListItem","position":2,"name":"Startseite"}]},{"@type":"WebSite","@id":"https:\/\/www.tsi-sa.ch\/de\/#website","url":"https:\/\/www.tsi-sa.ch\/de\/","name":"TSI SA","description":"","publisher":{"@id":"https:\/\/www.tsi-sa.ch\/de\/#organization"},"potentialAction":[{"@type":"SearchAction","target":{"@type":"EntryPoint","urlTemplate":"https:\/\/www.tsi-sa.ch\/de\/?s={search_term_string}"},"query-input":{"@type":"PropertyValueSpecification","valueRequired":true,"valueName":"search_term_string"}}],"inLanguage":"de"},{"@type":"Organization","@id":"https:\/\/www.tsi-sa.ch\/de\/#organization","name":"TSI SA","url":"https:\/\/www.tsi-sa.ch\/de\/","logo":{"@type":"ImageObject","inLanguage":"de","@id":"https:\/\/www.tsi-sa.ch\/de\/#\/schema\/logo\/image\/","url":"https:\/\/www.tsi-sa.ch\/wp-content\/uploads\/2025\/07\/TSI_favicon.svg","contentUrl":"https:\/\/www.tsi-sa.ch\/wp-content\/uploads\/2025\/07\/TSI_favicon.svg","width":1,"height":1,"caption":"TSI SA"},"image":{"@id":"https:\/\/www.tsi-sa.ch\/de\/#\/schema\/logo\/image\/"}}]}},"_links":{"self":[{"href":"https:\/\/www.tsi-sa.ch\/de\/wp-json\/wp\/v2\/pages\/228","targetHints":{"allow":["GET"]}}],"collection":[{"href":"https:\/\/www.tsi-sa.ch\/de\/wp-json\/wp\/v2\/pages"}],"about":[{"href":"https:\/\/www.tsi-sa.ch\/de\/wp-json\/wp\/v2\/types\/page"}],"author":[{"embeddable":true,"href":"https:\/\/www.tsi-sa.ch\/de\/wp-json\/wp\/v2\/users\/1"}],"replies":[{"embeddable":true,"href":"https:\/\/www.tsi-sa.ch\/de\/wp-json\/wp\/v2\/comments?post=228"}],"version-history":[{"count":13,"href":"https:\/\/www.tsi-sa.ch\/de\/wp-json\/wp\/v2\/pages\/228\/revisions"}],"predecessor-version":[{"id":396,"href":"https:\/\/www.tsi-sa.ch\/de\/wp-json\/wp\/v2\/pages\/228\/revisions\/396"}],"wp:attachment":[{"href":"https:\/\/www.tsi-sa.ch\/de\/wp-json\/wp\/v2\/media?parent=228"}],"curies":[{"name":"wp","href":"https:\/\/api.w.org\/{rel}","templated":true}]}}